{"id":3329,"date":"2025-11-15T13:08:54","date_gmt":"2025-11-15T05:08:54","guid":{"rendered":"https:\/\/smartairfilters.com\/cn\/product\/blast-mini-ffu\/"},"modified":"2025-12-12T22:59:40","modified_gmt":"2025-12-12T14:59:40","slug":"blast-mini-ffu","status":"publish","type":"product","link":"https:\/\/smartairfilters.com\/cn\/en\/product\/blast-mini-ffu\/","title":{"rendered":"Blast Mini Air Purifier"},"content":{"rendered":"<figure class=\"wp-block-image size-full\"><img loading=\"lazy\" decoding=\"async\" width=\"2400\" height=\"2400\" src=\"https:\/\/smartairfilters.com\/wordpress\/wp-content\/uploads\/sites\/3\/2025\/07\/Blast-mini-1.jpg\" alt=\"\" class=\"wp-image-16499\" srcset=\"https:\/\/smartairfilters.com\/wordpress\/wp-content\/uploads\/sites\/3\/2025\/07\/Blast-mini-1.jpg 2400w, https:\/\/smartairfilters.com\/wordpress\/wp-content\/uploads\/sites\/3\/2025\/07\/Blast-mini-1-300x300.jpg 300w, https:\/\/smartairfilters.com\/wordpress\/wp-content\/uploads\/sites\/3\/2025\/07\/Blast-mini-1-1024x1024.jpg 1024w, https:\/\/smartairfilters.com\/wordpress\/wp-content\/uploads\/sites\/3\/2025\/07\/Blast-mini-1-150x150.jpg 150w, https:\/\/smartairfilters.com\/wordpress\/wp-content\/uploads\/sites\/3\/2025\/07\/Blast-mini-1-768x768.jpg 768w, https:\/\/smartairfilters.com\/wordpress\/wp-content\/uploads\/sites\/3\/2025\/07\/Blast-mini-1-1536x1536.jpg 1536w, https:\/\/smartairfilters.com\/wordpress\/wp-content\/uploads\/sites\/3\/2025\/07\/Blast-mini-1-2048x2048.jpg 2048w, https:\/\/smartairfilters.com\/wordpress\/wp-content\/uploads\/sites\/3\/2025\/07\/Blast-mini-1-600x600.jpg 600w, https:\/\/smartairfilters.com\/wordpress\/wp-content\/uploads\/sites\/3\/2025\/07\/Blast-mini-1-100x100.jpg 100w\" sizes=\"auto, (max-width: 2400px) 100vw, 2400px\" \/><\/figure>\n\n\n\n<div class=\"wp-block-group is-vertical is-layout-flex wp-container-core-group-is-layout-8cf370e7 wp-block-group-is-layout-flex\" style=\"font-size:0px\">\n<div class=\"wp-block-group is-vertical is-layout-flex wp-container-core-group-is-layout-8cf370e7 wp-block-group-is-layout-flex\" style=\"font-size:0px\">\n<div class=\"wp-block-group is-vertical is-layout-flex wp-container-core-group-is-layout-8cf370e7 wp-block-group-is-layout-flex\" style=\"font-size:0px\">\n<div class=\"wp-block-group is-vertical is-layout-flex wp-container-core-group-is-layout-8cf370e7 wp-block-group-is-layout-flex\" style=\"font-size:0px\"><div class=\"gb-container gb-container-ec7c0c3e\">\n<div class=\"gb-container gb-container-9761d6a3\"><\/div>\n<\/div>\n\n\n<div class=\"wp-block-group is-vertical is-layout-flex wp-container-core-group-is-layout-8cad6afd wp-block-group-is-layout-flex\" style=\"font-size:0px\">\n<figure class=\"wp-block-image size-large\"><img loading=\"lazy\" decoding=\"async\" width=\"1024\" height=\"1024\" src=\"https:\/\/smartairfilters.com\/wordpress\/wp-content\/uploads\/sites\/3\/2016\/11\/effective-purify-large-area-1-1024x1024.jpg\" alt=\"\" class=\"wp-image-16164\" srcset=\"https:\/\/smartairfilters.com\/wordpress\/wp-content\/uploads\/sites\/3\/2016\/11\/effective-purify-large-area-1-1024x1024.jpg 1024w, https:\/\/smartairfilters.com\/wordpress\/wp-content\/uploads\/sites\/3\/2016\/11\/effective-purify-large-area-1-300x300.jpg 300w, https:\/\/smartairfilters.com\/wordpress\/wp-content\/uploads\/sites\/3\/2016\/11\/effective-purify-large-area-1-150x150.jpg 150w, https:\/\/smartairfilters.com\/wordpress\/wp-content\/uploads\/sites\/3\/2016\/11\/effective-purify-large-area-1-768x768.jpg 768w, https:\/\/smartairfilters.com\/wordpress\/wp-content\/uploads\/sites\/3\/2016\/11\/effective-purify-large-area-1-1536x1536.jpg 1536w, https:\/\/smartairfilters.com\/wordpress\/wp-content\/uploads\/sites\/3\/2016\/11\/effective-purify-large-area-1-2048x2048.jpg 2048w, https:\/\/smartairfilters.com\/wordpress\/wp-content\/uploads\/sites\/3\/2016\/11\/effective-purify-large-area-1-600x600.jpg 600w, https:\/\/smartairfilters.com\/wordpress\/wp-content\/uploads\/sites\/3\/2016\/11\/effective-purify-large-area-1-100x100.jpg 100w\" sizes=\"auto, (max-width: 1024px) 100vw, 1024px\" \/><\/figure>\n\n\n\n<figure class=\"wp-block-image size-large\"><img loading=\"lazy\" decoding=\"async\" width=\"1024\" height=\"1024\" src=\"https:\/\/smartairfilters.com\/wordpress\/wp-content\/uploads\/sites\/3\/2025\/07\/blast-mini-3-1024x1024.jpg\" alt=\"\" class=\"wp-image-16175\" srcset=\"https:\/\/smartairfilters.com\/wordpress\/wp-content\/uploads\/sites\/3\/2025\/07\/blast-mini-3-1024x1024.jpg 1024w, https:\/\/smartairfilters.com\/wordpress\/wp-content\/uploads\/sites\/3\/2025\/07\/blast-mini-3-300x300.jpg 300w, https:\/\/smartairfilters.com\/wordpress\/wp-content\/uploads\/sites\/3\/2025\/07\/blast-mini-3-150x150.jpg 150w, https:\/\/smartairfilters.com\/wordpress\/wp-content\/uploads\/sites\/3\/2025\/07\/blast-mini-3-768x768.jpg 768w, https:\/\/smartairfilters.com\/wordpress\/wp-content\/uploads\/sites\/3\/2025\/07\/blast-mini-3-1536x1536.jpg 1536w, https:\/\/smartairfilters.com\/wordpress\/wp-content\/uploads\/sites\/3\/2025\/07\/blast-mini-3-2048x2048.jpg 2048w, https:\/\/smartairfilters.com\/wordpress\/wp-content\/uploads\/sites\/3\/2025\/07\/blast-mini-3-600x600.jpg 600w, https:\/\/smartairfilters.com\/wordpress\/wp-content\/uploads\/sites\/3\/2025\/07\/blast-mini-3-100x100.jpg 100w\" sizes=\"auto, (max-width: 1024px) 100vw, 1024px\" \/><\/figure>\n<\/div>\n<\/div>\n\n\n\n<figure class=\"wp-block-image size-large\"><img decoding=\"async\" src=\"https:\/\/smartairfilters.com\/wordpress\/wp-content\/uploads\/2020\/10\/Blast-mini-4-1024x1024.png\" alt=\"\" class=\"wp-image-31197\"\/><\/figure>\n<\/div>\n\n\n\n<figure class=\"wp-block-image size-large\"><img decoding=\"async\" src=\"https:\/\/smartairfilters.com\/wordpress\/wp-content\/uploads\/2020\/10\/Blast-mini-5-1024x1024.png\" alt=\"\" class=\"wp-image-31198\"\/><\/figure>\n<\/div>\n\n\n\n<div class=\"wp-block-group is-vertical is-layout-flex wp-container-core-group-is-layout-8cf370e7 wp-block-group-is-layout-flex\" style=\"font-size:0px\">\n<div class=\"wp-block-group is-vertical is-layout-flex wp-container-core-group-is-layout-8cf370e7 wp-block-group-is-layout-flex\" style=\"font-size:0px\">\n<div class=\"wp-block-group is-vertical is-layout-flex wp-container-core-group-is-layout-8cf370e7 wp-block-group-is-layout-flex\" style=\"font-size:0px\">\n<figure class=\"wp-block-image size-large\"><img decoding=\"async\" src=\"https:\/\/smartairfilters.com\/wordpress\/wp-content\/uploads\/2020\/10\/Blast-mini-6-1024x1024.jpg\" alt=\"\" class=\"wp-image-31199\"\/><\/figure>\n\n\n\n<figure class=\"wp-block-image size-large\"><img decoding=\"async\" src=\"https:\/\/smartairfilters.com\/wordpress\/wp-content\/uploads\/2020\/10\/Blast-mini-7-1024x1024.jpg\" alt=\"\" class=\"wp-image-31200\"\/><\/figure>\n<\/div>\n\n\n\n<div class=\"wp-block-group is-vertical is-layout-flex wp-container-core-group-is-layout-8cf370e7 wp-block-group-is-layout-flex\" style=\"font-size:0px\">\n<figure class=\"wp-block-image size-large\"><img loading=\"lazy\" decoding=\"async\" width=\"1024\" height=\"1024\" src=\"https:\/\/smartairfilters.com\/wordpress\/wp-content\/uploads\/sites\/3\/2016\/11\/blast-mini-9-1024x1024.jpg\" alt=\"\" class=\"wp-image-16165\" srcset=\"https:\/\/smartairfilters.com\/wordpress\/wp-content\/uploads\/sites\/3\/2016\/11\/blast-mini-9-1024x1024.jpg 1024w, https:\/\/smartairfilters.com\/wordpress\/wp-content\/uploads\/sites\/3\/2016\/11\/blast-mini-9-300x300.jpg 300w, https:\/\/smartairfilters.com\/wordpress\/wp-content\/uploads\/sites\/3\/2016\/11\/blast-mini-9-150x150.jpg 150w, https:\/\/smartairfilters.com\/wordpress\/wp-content\/uploads\/sites\/3\/2016\/11\/blast-mini-9-768x768.jpg 768w, https:\/\/smartairfilters.com\/wordpress\/wp-content\/uploads\/sites\/3\/2016\/11\/blast-mini-9-1536x1536.jpg 1536w, https:\/\/smartairfilters.com\/wordpress\/wp-content\/uploads\/sites\/3\/2016\/11\/blast-mini-9-2048x2048.jpg 2048w, https:\/\/smartairfilters.com\/wordpress\/wp-content\/uploads\/sites\/3\/2016\/11\/blast-mini-9-600x600.jpg 600w, https:\/\/smartairfilters.com\/wordpress\/wp-content\/uploads\/sites\/3\/2016\/11\/blast-mini-9-100x100.jpg 100w\" sizes=\"auto, (max-width: 1024px) 100vw, 1024px\" \/><\/figure>\n<\/div>\n<\/div>\n\n\n\n<figure class=\"wp-block-image size-large\"><img decoding=\"async\" src=\"https:\/\/smartairfilters.com\/wordpress\/wp-content\/uploads\/2020\/10\/Blast-mini-10-1024x1024.jpg\" alt=\"\" class=\"wp-image-31203\"\/><\/figure>\n<\/div>\n<\/div>\n\n\n\n<h2 class=\"wp-block-heading\">What&#8217;s inside a Blast Mini Mk II<\/h2>\n\n\n\n<div class=\"wp-block-group is-vertical is-content-justification-center is-layout-flex wp-container-core-group-is-layout-4b2eccd6 wp-block-group-is-layout-flex\">\n<figure class=\"wp-block-image\"><img decoding=\"async\" src=\"https:\/\/smartairfilters.com\/wordpress\/wp-content\/uploads\/2021\/04\/whats-inside-a-blast-exploded-parts.png\" alt=\"\"\/><\/figure>\n\n\n\n<figure class=\"wp-block-image size-full\"><img loading=\"lazy\" decoding=\"async\" width=\"1241\" height=\"1484\" src=\"https:\/\/smartairfilters.com\/wordpress\/wp-content\/uploads\/sites\/3\/2016\/11\/our-impact-data.jpg\" alt=\"\" class=\"wp-image-16167\" srcset=\"https:\/\/smartairfilters.com\/wordpress\/wp-content\/uploads\/sites\/3\/2016\/11\/our-impact-data.jpg 1241w, https:\/\/smartairfilters.com\/wordpress\/wp-content\/uploads\/sites\/3\/2016\/11\/our-impact-data-251x300.jpg 251w, https:\/\/smartairfilters.com\/wordpress\/wp-content\/uploads\/sites\/3\/2016\/11\/our-impact-data-856x1024.jpg 856w, https:\/\/smartairfilters.com\/wordpress\/wp-content\/uploads\/sites\/3\/2016\/11\/our-impact-data-768x918.jpg 768w, https:\/\/smartairfilters.com\/wordpress\/wp-content\/uploads\/sites\/3\/2016\/11\/our-impact-data-600x717.jpg 600w\" sizes=\"auto, (max-width: 1241px) 100vw, 1241px\" \/><\/figure>\n<\/div>\n\n\n\n<div style=\"text-align: center\"><\/div>\n\n\n\n<div style=\"text-align: center\">Purifier companies can make obscene profits when most people don&#8217;t understand how purifiers work. Here&#8217;s the honest truth: a purifier is a fan + a filter. In this case, that fan and filter are just really big.<\/div>\n\n\n\n<hr class=\"wp-block-separator has-alpha-channel-opacity\"\/>\n\n\n\n<h2 class=\"wp-block-heading\">Technical Specifications<\/h2>\n\n\n\n<figure class=\"wp-block-table\"><table><tbody><tr><th>Your Purchase Includes<\/th><td>1 \u00d7 Blast Mini Mk II (includes 1 \u00d7 Blast Air Mini Mk II Purifier and 1 \u00d7 HEPA Filter), 1 \u00d7 Wire cord, 1 \u00d7 Smart Air Handbook<\/td><\/tr><tr><th>Color<\/th><td>Matte White<\/td><\/tr><tr><th>Dimensions L \u00d7 W \u00d7 H (cm)<\/th><td>57.6 \u00d7 33 \u00d7 63<\/td><\/tr><tr><th>CADR (m<sup>3<\/sup>\/h)<\/th><td>743<\/td><\/tr><tr><th>Noise Level (dB)<\/th><td>36 \u2013 49 <\/td><\/tr><tr><th>HEPA Lifespan<\/th><td>7-14 months (3360 hrs, running 8 hrs per day)<\/td><\/tr><tr><th>Power Consumption (W)<\/th><td><span>115<\/span><\/td><\/tr><tr><th>Power Supply<\/th><td>220 \u2013 230V\/50-60Hz\/ Plug type: <span style=\"vertical-align: middle\"><img loading=\"lazy\" decoding=\"async\" style=\"vertical-align: middle\" src=\"https:\/\/smartairfilters.com\/wordpress\/wp-content\/uploads\/sites\/3\/2016\/11\/TYPE-I-SOCKET.png\" width=\"44\" height=\"42\"> (Type I)<\/span><\/td><\/tr><tr><th>Safety Certifications<\/th><td><span style=\"vertical-align: middle\"><img loading=\"lazy\" decoding=\"async\" src=\"https:\/\/smartairfilters.com\/wordpress\/wp-content\/uploads\/2020\/10\/ce-certificate.jpg\" alt=\"Smart Air purifier CE safety certificate\" width=\"42\" height=\"30\"><\/span>CE Certified (LVD\/EMC\/RoHS) | CQC | GB\/T 18801-2015 Certified<\/td><\/tr><tr><th>Suitable Room Size<\/th><td>89m<\/td><\/tr><tr><th>Product Manual<\/th><td><a href=\"https:\/\/smartairfilters.com\/manuals\/Blast-manual-english.pdf\" target=\"_blank\" rel=\"noreferrer noopener\">Click to view the Smart Air Blast Mini Manual<\/a><\/td><\/tr><tr><th>Shipping Weight<\/th><td>28.4 (kg)<\/td><\/tr><\/tbody><\/table><\/figure>\n\n\n\n<h2 class=\"wp-block-heading\"><\/h2>\n\n\n<div class=\"gb-container gb-container-a78c52b6\">\n\n<h2 class=\"wp-block-heading has-text-align-center\">The Blast Mini Mk II FAQs<\/h2>\n\n<\/div>\n\n<div class=\"gb-container gb-container-20d91874\"><div class=\"gb-inside-container\">\n\n<div class=\"wp-block-pb-accordion-item c-accordion__item js-accordion-item no-js\" data-initially-open=\"false\" data-click-to-close=\"true\" data-auto-close=\"true\" data-scroll=\"false\" data-scroll-offset=\"0\"><h6 id=\"at-33290\" class=\"c-accordion__title js-accordion-controller\" role=\"button\">Are Smart Air purifiers better than other air purifiers?<\/h6><div id=\"ac-33290\" class=\"c-accordion__content\">\n<ul class=\"wp-block-list\">\n<li>Smart Air purifiers use the same cleaning principle as most other air purifiers. The technology behind air purifiers is not complex, and readily available.<\/li>\n<\/ul>\n\n\n\n<ul class=\"wp-block-list\">\n<li>However, Smart Air is the only air purifier company committed to transparent communication through open data. We avoid overcomplicating our air purifiers with high markups and marketing gimmicks. Smart Air purifiers are honest, data-backed, and streamlined to do one thing: clean air. <\/li>\n<\/ul>\n\n\n\n<ul class=\"wp-block-list\">\n<li>And because we don&#8217;t overcomplicate things, our purifiers are some of the quickest and most energy-efficient in the market. <\/li>\n<\/ul>\n<\/div><\/div>\n\n\n\n<div class=\"wp-block-pb-accordion-item c-accordion__item js-accordion-item no-js\" data-initially-open=\"false\" data-click-to-close=\"true\" data-auto-close=\"true\" data-scroll=\"false\" data-scroll-offset=\"0\"><h6 id=\"at-33291\" class=\"c-accordion__title js-accordion-controller\" role=\"button\">Can Smart Air&#8217;s purifiers filter COVID-19?<\/h6><div id=\"ac-33291\" class=\"c-accordion__content\">\n<ul class=\"wp-block-list\">\n<li>HEPA filter air purifiers like Smart Air\u2019s have been shown to filter out COVID-19 viruses, and lower transmission. View the CDC data on <a href=\"https:\/\/smartairfilters.com\/en\/blog\/cdc-study-hepa-air-purifiers-reduced-covid-19-virus-spread-schools\/\">how HEPAs reduce COVID-19 transmission here<\/a>.<\/li>\n<\/ul>\n<\/div><\/div>\n\n\n\n<div class=\"wp-block-pb-accordion-item c-accordion__item js-accordion-item no-js\" data-initially-open=\"false\" data-click-to-close=\"true\" data-auto-close=\"true\" data-scroll=\"false\" data-scroll-offset=\"0\"><h6 id=\"at-33292\" class=\"c-accordion__title js-accordion-controller\" role=\"button\">What pollutants does the Blast Mini Mk II filter?<br><br>&#8211; Smart Air&#8217;s air purifiers&#8217; HEPA filters capture many types of particulate air pollutants, including nanoparticles as small as 5 nm (1\/10 the size of COVID-19 virus) to 30 \u00b5m (the size of pollen). The whole range includes viruses, bacteria, PM2.5, PM10, pet allergens, dust, and mold. <br><br>&#8211; An additional activated carbon filter can be added on top of the HEPA filter in all of Smart Air&#8217;s products. The carbon filters can absorb VOCs (Volatile Organic Compounds) such as formaldehyde, paint thinners, petroleum fuels, or dry cleaning agents. Carbon filters also remove odors. <\/h6><div id=\"ac-33292\" class=\"c-accordion__content\">\n<ul class=\"wp-block-list\">\n<li>Learn which filters you need in our <a href=\"https:\/\/smartairfilters.com\/blog\/what-combination-of-air-filters-do-i-need-to-protect-against-everything\/\">in-depth guide on air purifier filters<\/a>.<\/li>\n<\/ul>\n<\/div><\/div>\n\n\n\n<div class=\"wp-block-pb-accordion-item c-accordion__item js-accordion-item no-js\" data-initially-open=\"false\" data-click-to-close=\"true\" data-auto-close=\"true\" data-scroll=\"false\" data-scroll-offset=\"0\"><h6 id=\"at-33293\" class=\"c-accordion__title js-accordion-controller\" role=\"button\">Where should I position my Blast Mini Mk II air purifier?<\/h6><div id=\"ac-33293\" class=\"c-accordion__content\">\n<ul class=\"wp-block-list\">\n<li>Smart Air <a href=\"https:\/\/smartairfilters.com\/en\/blog\/where-best-place-air-purifier\/\">tests<\/a> show the position of an air purifier in a room does not matter, as long as 1) The air purifier is at least 6 inches (15 mm) away from the wall. 2) The air purifier is strong enough for the room it is in.<\/li>\n<\/ul>\n<\/div><\/div>\n\n\n\n<div class=\"wp-block-pb-accordion-item c-accordion__item js-accordion-item no-js\" data-initially-open=\"false\" data-click-to-close=\"true\" data-auto-close=\"true\" data-scroll=\"false\" data-scroll-offset=\"0\"><h6 id=\"at-33294\" class=\"c-accordion__title js-accordion-controller\" role=\"button\">How to know when it is time to replace the Blast Mini Mk II&#8217;s HEPA filter?<\/h6><div id=\"ac-33294\" class=\"c-accordion__content\">\n<ul class=\"wp-block-list\">\n<li>We recommend replacing the Blast Mini Mk II filter every 7-14 months. But the truth is the exact time depends on many factors such as the number of hours used and local pollution levels. The most accurate way to determine when to replace a HEPA filter is to use an air quality monitor. <a href=\"https:\/\/smartairfilters.com\/en\/blog\/using-air-monitor-to-determine-when-to-replace-hepa-filter\/\">Learn More: How to use an air quality monitor to test a HEPA filter<\/a>.<\/li>\n<\/ul>\n<\/div><\/div>\n\n<\/div><\/div>","protected":false},"excerpt":{"rendered":"<p>The Blast Mini Air Purifier is a high-powered yet compact air purifier, effective for large spaces such as schools, hospitals, and offices, cleaning areas up to 89m\u00b2. Add a <a href=\"\/cn\/en\/product\/blast-mini-ffu-carbon-filter\">carbon filter<\/a> to filter out dangerous chemicals, including VOCs formaldehyde, and cigarette smells.<\/p>\n","protected":false},"featured_media":9989,"comment_status":"open","ping_status":"closed","template":"","meta":{"footnotes":""},"product_brand":[],"product_cat":[67,16,26],"product_tag":[55],"class_list":{"0":"post-3329","1":"product","2":"type-product","3":"status-publish","4":"has-post-thumbnail","6":"product_cat-filter-reminder-blast-mini-hepa","7":"product_cat-air-purifiers","8":"product_cat-blast-blast-mini","9":"product_tag-smart-air","10":"product_shipping_class-blast-mini-air-purifier","11":"resize-featured-image","12":"sales-flash-overlay","13":"woocommerce-text-align-center","14":"woocommerce-image-align-center","15":"do-quantity-buttons","16":"wc-has-gallery","18":"first","19":"instock","20":"shipping-taxable","21":"purchasable","22":"product-type-variable"},"_links":{"self":[{"href":"https:\/\/smartairfilters.com\/cn\/en\/wp-json\/wp\/v2\/product\/3329","targetHints":{"allow":["GET"]}}],"collection":[{"href":"https:\/\/smartairfilters.com\/cn\/en\/wp-json\/wp\/v2\/product"}],"about":[{"href":"https:\/\/smartairfilters.com\/cn\/en\/wp-json\/wp\/v2\/types\/product"}],"replies":[{"embeddable":true,"href":"https:\/\/smartairfilters.com\/cn\/en\/wp-json\/wp\/v2\/comments?post=3329"}],"version-history":[{"count":18,"href":"https:\/\/smartairfilters.com\/cn\/en\/wp-json\/wp\/v2\/product\/3329\/revisions"}],"predecessor-version":[{"id":16502,"href":"https:\/\/smartairfilters.com\/cn\/en\/wp-json\/wp\/v2\/product\/3329\/revisions\/16502"}],"wp:featuredmedia":[{"embeddable":true,"href":"https:\/\/smartairfilters.com\/cn\/en\/wp-json\/wp\/v2\/media\/9989"}],"wp:attachment":[{"href":"https:\/\/smartairfilters.com\/cn\/en\/wp-json\/wp\/v2\/media?parent=3329"}],"wp:term":[{"taxonomy":"product_brand","embeddable":true,"href":"https:\/\/smartairfilters.com\/cn\/en\/wp-json\/wp\/v2\/product_brand?post=3329"},{"taxonomy":"product_cat","embeddable":true,"href":"https:\/\/smartairfilters.com\/cn\/en\/wp-json\/wp\/v2\/product_cat?post=3329"},{"taxonomy":"product_tag","embeddable":true,"href":"https:\/\/smartairfilters.com\/cn\/en\/wp-json\/wp\/v2\/product_tag?post=3329"}],"curies":[{"name":"wp","href":"https:\/\/api.w.org\/{rel}","templated":true}]}}